{"id":106,"date":"2021-12-07T19:21:01","date_gmt":"2021-12-07T19:21:01","guid":{"rendered":"https:\/\/websitebuilder-demo.net\/workspace\/?page_id=106"},"modified":"2024-09-09T09:50:09","modified_gmt":"2024-09-09T09:50:09","slug":"kontakt","status":"publish","type":"page","link":"https:\/\/evropskisavez.me\/index.php\/kontakt\/","title":{"rendered":"Kontakt"},"content":{"rendered":"<div class=\"brz-root__container brz-reset-all brz\">\n<section id=\"xrgbjsxksjpdcfymkuxdjyjursohntzhefea\" class=\"brz-section brz-css-ougQK\">\n<div class=\"brz-section__content brz-section--boxed brz-css-pkShl brz-css-qXOMn\" data-brz-custom-id=\"aqrknvookgpbgeifkqvauqciuxhbhoxplzyh\">\n<div class=\"brz-bg\">\n<div class=\"brz-bg-color\"><\/div>\n<\/div>\n<div class=\"brz-container brz-css-hYkLB\">\n<div id=\"\" class=\"brz-css-sY9r0 brz-css-wUB4e brz-wrapper\">\n<div class=\"brz-rich-text brz-rich-text__custom brz-css-kW39_\" data-brz-custom-id=\"tjqgitnzxfqgkrjuupvgxywyskxouwqqwzlo\">\n<div data-brz-translate-text=\"1\">\n<p class=\"brz-tp-lg-heading2 brz-text-lg-center brz-css-iWreI\" data-generated-css=\"brz-css-vc1D2\" data-uniq-id=\"lf5qQ\"><strong class=\"brz-cp-color7\" style=\"color: rgba(var(--brz-global-color7),1);\">JAVI SE!<\/strong><\/p>\n<\/div>\n<\/div>\n<\/div>\n<\/div>\n<\/div>\n<\/section>\n<section id=\"wrfvpyrggsjuarmcwrrzbzalhmrekcrqgrts\" class=\"brz-section brz-css-ougQK\">\n<div class=\"brz-section__content brz-section--boxed brz-css-pkShl brz-css-eYD9J\" data-brz-custom-id=\"htymwybvlagfxuuvauzsbthkmiflesxtfvgh\">\n<div class=\"brz-bg\">\n<div class=\"brz-bg-color\"><\/div>\n<\/div>\n<div class=\"brz-container brz-css-hYkLB\">\n<div class=\"brz-row__container brz-css-voI2h\" data-brz-custom-id=\"sbqyfaxqssrmtdengdjpmaflgtsmthfyweiv\">\n<div class=\"brz-bg\"><\/div>\n<div class=\"brz-row brz-css-tEw96 brz-css-lvEKf\">\n<div class=\"brz-columns brz-css-i_knf brz-css-sk7_f\" data-brz-custom-id=\"uwdqekzretxqharzxevmxvkyrcugofzjfibi\">\n<div class=\"brz-bg\">\n<div class=\"brz-bg-color\"><\/div>\n<\/div>\n<div class=\"brz-column__items brz-css-veNDt brz-css-wojNu\">\n<div class=\"brz-wrapper-clone brz-css-cQQ4p brz-css-uhBLt\">\n<div class=\"brz-d-xs-flex brz-flex-xs-wrap brz-css-rNZ4l\" data-brz-custom-id=\"\">\n<div class=\"brz-wrapper-clone__item\" id=\"vakoblzfzlhmlmvikvqszcriiuooyueiyclt\">\n<div class=\"brz-icon__container\" data-brz-custom-id=\"vakoblzfzlhmlmvikvqszcriiuooyueiyclt\"><span class=\"brz-icon brz-span brz-css-nBBwc brz-css-oYbn7\"><svg class=\"brz-icon-svg align-[initial]\"><use href=\"\/wp-content\/plugins\/brizy\/public\/editor-build\/prod\/editor\/icons\/outline\/newsletter.svg#nc_icon\"><\/use><\/svg><\/span><\/div>\n<\/div>\n<\/div>\n<\/div>\n<div id=\"\" class=\"brz-css-sY9r0 brz-css-xx2Ar brz-wrapper\">\n<div class=\"brz-rich-text brz-rich-text__custom brz-css-kW39_\" data-brz-custom-id=\"bqyxcdendfznomxyypruvgwegpfmgwqrpabf\">\n<div data-brz-translate-text=\"1\">\n<p class=\"brz-tp-lg-heading5 brz-text-lg-center brz-mt-lg-20 brz-mb-lg-20 brz-css-o3fpm\" data-uniq-id=\"zJhp0\" data-generated-css=\"brz-css-hs_PW\"><span style=\"color: rgba(var(--brz-global-color7),1);\" class=\"brz-cp-color7\">E-mail adresa<\/span><\/p>\n<\/div>\n<\/div>\n<\/div>\n<div id=\"\" class=\"brz-css-sY9r0 brz-css-nsku4 brz-wrapper\">\n<div class=\"brz-rich-text brz-rich-text__custom brz-css-kW39_\" data-brz-custom-id=\"rfbpmpengbpfnxadhilcgynjbniaenewzado\">\n<div data-brz-translate-text=\"1\">\n<p class=\"brz-tp-lg-paragraph brz-text-lg-center brz-css-salC7\" data-uniq-id=\"cXnyP\" data-generated-css=\"brz-css-aLrom\"><a class=\"brz-cp-color7 link--external\" href=\"info@evropskisavez.me\" data-brz-link-type=\"external\" target=\"_blank\" rel=\"noopener\">info<\/a><a class=\"brz-cp-color7 brz-pre-population-visible link--external\" href=\"info@evropskisavez.me\" data-brz-link-type=\"external\" target=\"_blank\" rel=\"noopener\">@evropskisavez.me<\/a><\/p>\n<\/div>\n<\/div>\n<\/div>\n<\/div>\n<\/div>\n<\/div>\n<\/div>\n<\/div>\n<\/div>\n<\/section>\n<section id=\"isxfcrmlkasrpjsrvokwauvylxeyvihjoteg\" class=\"brz-section brz-css-ougQK\">\n<div class=\"brz-section__content brz-section--boxed brz-css-pkShl brz-css-stM9P\" data-brz-custom-id=\"wajizrjwixtfmsehjqftizvqlmjjdintyehk\">\n<div class=\"brz-bg\">\n<div class=\"brz-bg-color\"><\/div>\n<\/div>\n<div class=\"brz-container brz-css-hYkLB\">\n<div class=\"brz-row__container brz-css-voI2h\" data-brz-custom-id=\"mhwxzmyjvvosxrbhqpqeeakthkdtjdhgoido\">\n<div class=\"brz-bg\"><\/div>\n<div class=\"brz-row brz-css-tEw96 brz-css-lvEKf\">\n<div class=\"brz-columns brz-css-i_knf brz-css-eTk28\" data-brz-custom-id=\"jkqhbnqrmpwhulqqbqmfnzimimluqztsdosl\">\n<div class=\"brz-bg\"><\/div>\n<div class=\"brz-column__items brz-css-veNDt brz-css-d0whP\">\n<div id=\"\" class=\"brz-css-sY9r0 brz-css-asa9_ brz-wrapper\">\n<div class=\"brz-rich-text brz-rich-text__custom brz-css-kW39_\" data-brz-custom-id=\"hkkvsrwjjfrqdkckiueuptungyohvqxzmnhd\">\n<div data-brz-translate-text=\"1\">\n<p class=\"brz-tp-lg-heading3 brz-css-sQXr1\" data-uniq-id=\"dWWea\" data-generated-css=\"brz-css-j7QAj\"><span style=\"color: rgba(var(--brz-global-color2),1);\" class=\"brz-cp-color2\">Za sva pitanja smo tu!<\/span><\/p>\n<\/div>\n<\/div>\n<\/div>\n<div id=\"\" class=\"brz-css-sY9r0 brz-css-hDgUG brz-wrapper\">\n<div class=\"brz-spacer brz-css-f5m6u brz-css-xNu9O\"><\/div>\n<\/div>\n<div id=\"\" class=\"brz-css-sY9r0 brz-wrapper\">\n<div data-brz-form-version=\"2\" class=\"brz-forms2 brz-css-wxPNA brz-css-g4Ggs\" data-brz-custom-id=\"nxwdlpqlkijlvklwrbjnqbipyxniyyepmpmp\">\n<form class=\"brz-form brz-d-xs-flex brz-flex-xs-wrap\" action=\"https:\/\/evropskisavez.me\/wp-admin\/admin-ajax.php?nonce=9e2e762923&amp;action=brizy_submit_form\" novalidate=\"\" data-brz-form-id=\"nxwdlpqlkijlvklwrbjnqbipyxniyyepmpmp\" data-brz-project-id=\"88fd8fd6a88809d4650073b4e8ea6620\" data-brz-success=\"\" data-brz-error=\"\" data-brz-redirect=\"\">\n<div data-brz-translate-text=\"1\" class=\"brz-forms2__item brz-css-rhhLg brz-css-mD3Tg brz-css-tg7ir brz-css-wnkCS\"><label class=\"brz-label brz-forms2__field-label\" for=\"gfV4jMOzqY1o\">Va\u0161e ime<\/label><input type=\"text\" id=\"gfV4jMOzqY1o\" name=\"cjcdmfvxyxnibmogadovujtsdgezzozswqfg\" placeholder=\"\" required=\"\" data-brz-type=\"Text\" data-brz-label=\"Va\u0161e ime\" data-brz-placeholder=\"\" class=\"brz-input brz-forms2__field brz-forms2__field-text\"><\/div>\n<div data-brz-translate-text=\"1\" class=\"brz-forms2__item brz-css-rhhLg brz-css-mD3Tg brz-css-tg7ir brz-css-lZN5t\"><label class=\"brz-label brz-forms2__field-label\" for=\"o_bODgEuq6Aw\">Va\u0161e prezime<\/label><input type=\"text\" id=\"o_bODgEuq6Aw\" name=\"eghddaejvolcxdhokzhrjuxcosboxhlpgywa\" placeholder=\"\" data-brz-type=\"Text\" data-brz-label=\"Va\u0161e prezime\" data-brz-placeholder=\"\" class=\"brz-input brz-forms2__field brz-forms2__field-text\"><\/div>\n<div data-brz-translate-text=\"1\" class=\"brz-forms2__item brz-css-rhhLg brz-css-mD3Tg brz-css-tg7ir brz-css-a0nCr\"><label class=\"brz-label brz-forms2__field-label\" for=\"u_E8Iwrno9iS\">Va\u0161a e-mail adresa<\/label><input type=\"email\" id=\"u_E8Iwrno9iS\" name=\"jzqthlsrnystvuukobalwndripixukgikdph\" placeholder=\"\" pattern=\"%5E((%5B%5E%3C%3E%5C(%5C)%5C%5B%5C%5D%5C%5C.,;:%5Cs@%22%5D+(%5C.%5B%5E%3C%3E%5C(%5C)%5C%5B%5C%5D%5C%5C.,;:%5Cs@%22%5D+)*)%7C(%22.+%22))@((%5C%5B%5B0-9%5D%7B1,3%7D%5C.%5B0-9%5D%7B1,3%7D%5C.%5B0-9%5D%7B1,3%7D%5C.%5B0-9%5D%7B1,3%7D%5C%5D)%7C((%5Ba-zA-Z%5C-0-9%5D+%5C.)+%5Ba-zA-Z%5D%7B2,%7D))$\" data-brz-type=\"Email\" data-brz-label=\"Va\u0161a e-mail adresa\" data-brz-placeholder=\"\" maxlength=\"255\" class=\"brz-input brz-forms2__field brz-forms2__field-email\"><\/div>\n<div data-brz-translate-text=\"1\" class=\"brz-forms2__item brz-css-rhhLg brz-css-mD3Tg brz-css-tg7ir brz-css-oFD8D\"><label class=\"brz-label brz-forms2__field-label\" for=\"n2pJ2eciER22\">Naslov pitanja<\/label><input type=\"text\" id=\"n2pJ2eciER22\" name=\"ctkigfzgufgbnkqjtkpqzdkbhubmuobuemmq\" placeholder=\"\" data-brz-type=\"Text\" data-brz-label=\"Naslov pitanja\" data-brz-placeholder=\"\" class=\"brz-input brz-forms2__field brz-forms2__field-text\"><\/div>\n<div data-brz-translate-text=\"1\" class=\"brz-forms2__item brz-css-rhhLg brz-css-mD3Tg brz-css-tg7ir brz-css-lU_B9\"><label class=\"brz-label brz-forms2__field-label\" for=\"uAF8CSLUsKvX\">Va\u0161e pitanje<\/label><textarea id=\"uAF8CSLUsKvX\" name=\"hgdsemayiwfegkzkysyhbrsecrhfvimwmahx\" placeholder=\"\" data-brz-type=\"Paragraph\" data-brz-label=\"Va\u0161e pitanje\" data-brz-placeholder=\"\" class=\"brz-textarea brz-forms2__field brz-forms2__field-paragraph\"><\/textarea><\/div>\n<div class=\"brz-forms2 brz-forms2__item brz-forms2__item-button\" data-brz-custom-id=\"nxwdlpqlkijlvklwrbjnqbipyxniyyepmpmp\"><button class=\"brz-btn brz-btn-submit brz-css-moykS brz-css-q0qom\" data-brz-custom-id=\"wkxvxbmcnzmkrzoxsetjkrtjfcmrjdoyygce\"><span data-brz-translate-text=\"1\" class=\"brz-span brz-text__editor\" contenteditable=\"false\">Po\u0161aljite<\/span><\/button><svg class=\"brz-icon-svg align-[initial] brz-form-spinner brz-invisible brz-ed-animated--spin\"><use href=\"\/wp-content\/plugins\/brizy\/public\/editor-build\/prod\/editor\/icons\/glyph\/circle-02.svg#nc_icon\"><\/use><\/svg><\/div>\n<\/form>\n<\/div>\n<\/div>\n<\/div>\n<\/div>\n<\/div>\n<\/div>\n<\/div>\n<\/div>\n<\/section>\n<\/div>\n<p>    <!-- version:1725875409 --><\/p>\n","protected":false},"excerpt":{"rendered":"<p>JAVI SE! E-mail adresa info@evropskisavez.me Za sva pitanja smo tu! Va\u0161e ime Va\u0161e prezime Va\u0161a e-mail adresa Naslov pitanja Va\u0161e pitanje Po\u0161aljite<\/p>\n","protected":false},"author":1,"featured_media":0,"parent":0,"menu_order":0,"comment_status":"closed","ping_status":"closed","template":"brizy-blank-template.php","meta":{"footnotes":""},"class_list":["post-106","page","type-page","status-publish","hentry"],"_links":{"self":[{"href":"https:\/\/evropskisavez.me\/index.php\/wp-json\/wp\/v2\/pages\/106","targetHints":{"allow":["GET"]}}],"collection":[{"href":"https:\/\/evropskisavez.me\/index.php\/wp-json\/wp\/v2\/pages"}],"about":[{"href":"https:\/\/evropskisavez.me\/index.php\/wp-json\/wp\/v2\/types\/page"}],"author":[{"embeddable":true,"href":"https:\/\/evropskisavez.me\/index.php\/wp-json\/wp\/v2\/users\/1"}],"replies":[{"embeddable":true,"href":"https:\/\/evropskisavez.me\/index.php\/wp-json\/wp\/v2\/comments?post=106"}],"version-history":[{"count":8,"href":"https:\/\/evropskisavez.me\/index.php\/wp-json\/wp\/v2\/pages\/106\/revisions"}],"predecessor-version":[{"id":511,"href":"https:\/\/evropskisavez.me\/index.php\/wp-json\/wp\/v2\/pages\/106\/revisions\/511"}],"wp:attachment":[{"href":"https:\/\/evropskisavez.me\/index.php\/wp-json\/wp\/v2\/media?parent=106"}],"curies":[{"name":"wp","href":"https:\/\/api.w.org\/{rel}","templated":true}]}}